{"id":1111,"date":"2024-05-12T09:37:04","date_gmt":"2024-05-12T09:37:04","guid":{"rendered":"https:\/\/karaclinique.com\/?page_id=1111"},"modified":"2025-01-19T14:36:56","modified_gmt":"2025-01-19T14:36:56","slug":"nos-departements","status":"publish","type":"page","link":"https:\/\/karaclinique.com\/ar\/menu\/nos-departements\/","title":{"rendered":"\u0623\u0642\u0633\u0627\u0645\u0646\u0627"},"content":{"rendered":"<div data-elementor-type=\"wp-page\" data-elementor-id=\"1111\" class=\"elementor elementor-1111\" data-elementor-post-type=\"page\">\n\t\t\t\t<div class=\"elementor-element elementor-element-2e5ec32 e-flex e-con-boxed e-con e-parent\" data-id=\"2e5ec32\" data-element_type=\"container\">\n\t\t\t\t\t<div class=\"e-con-inner\">\n\t\t<div class=\"elementor-element elementor-element-57fb716 e-flex e-con-boxed e-con e-child\" data-id=\"57fb716\" data-element_type=\"container\">\n\t\t\t\t\t<div class=\"e-con-inner\">\n\t\t\t\t<div class=\"elementor-element elementor-element-ca1e922 elementor-widget__width-initial elementor-invisible elementor-widget elementor-widget-heading\" data-id=\"ca1e922\" data-element_type=\"widget\" data-settings=\"{&quot;_animation&quot;:&quot;fadeInDown&quot;,&quot;_animation_delay&quot;:0}\" data-widget_type=\"heading.default\">\n\t\t\t\t<div class=\"elementor-widget-container\">\n\t\t\t\t\t<h1 class=\"elementor-heading-title elementor-size-default\">\u0623\u0642\u0633\u0627\u0645\u0646\u0627<\/h1>\t\t\t\t<\/div>\n\t\t\t\t<\/div>\n\t\t\t\t<div class=\"elementor-element elementor-element-d0b7ff2 elementor-widget__width-initial elementor-invisible elementor-widget elementor-widget-text-editor\" data-id=\"d0b7ff2\" data-element_type=\"widget\" data-settings=\"{&quot;_animation&quot;:&quot;fadeIn&quot;,&quot;_animation_delay&quot;:1000}\" data-widget_type=\"text-editor.default\">\n\t\t\t\t<div class=\"elementor-widget-container\">\n\t\t\t\t\t\t\t\t\t<p><span style=\"white-space-collapse: preserve; color: #000000;\">\u0641\u064a \u0639\u064a\u0627\u062f\u0629 \u0642\u0627\u0631\u0629\u060c \u0646\u062d\u0646 \u0646\u0645\u0646\u062d \u0645\u062c\u0645\u0648\u0639\u0629 \u0643\u0627\u0645\u0644\u0629 \u0645\u0646 \u0627\u0644\u062e\u062f\u0645\u0627\u062a \u0627\u0644\u0639\u0644\u0627\u062c\u064a\u0629 \u0644\u0644\u0627\u0633\u062a\u062c\u0627\u0628\u0629 \u0644\u0645\u062a\u0637\u0644\u0628\u0627\u062a\u0643\u0645 \u0627\u0644\u0635\u0651\u062d\u0651\u064a\u0651\u0629 \u0641\u064a \u0625\u0637\u0627\u0631 \u0639\u0635\u0631\u064a \u0648 \u0645\u0636\u064a\u0627\u0641.\n\u0627\u0643\u062a\u0634\u0641\u0648\u0627 \u062e\u062f\u0645\u0627\u062a\u0646\u0627 \u0627\u0644\u0631\u0626\u064a\u0633\u064a\u0651\u0629<\/span><\/p>\t\t\t\t\t\t\t\t<\/div>\n\t\t\t\t<\/div>\n\t\t\t\t\t<\/div>\n\t\t\t\t<\/div>\n\t\t\t\t\t<\/div>\n\t\t\t\t<\/div>\n\t\t<div class=\"elementor-element elementor-element-da9bbc2 e-flex e-con-boxed e-con e-parent\" data-id=\"da9bbc2\" data-element_type=\"container\">\n\t\t\t\t\t<div class=\"e-con-inner\">\n\t\t\t\t<div class=\"elementor-element elementor-element-a4df86b elementor-grid-3 elementor-grid-tablet-2 elementor-grid-mobile-1 elementor-invisible elementor-widget elementor-widget-loop-grid\" data-id=\"a4df86b\" data-element_type=\"widget\" data-settings=\"{&quot;template_id&quot;:&quot;2313&quot;,&quot;row_gap&quot;:{&quot;unit&quot;:&quot;px&quot;,&quot;size&quot;:10,&quot;sizes&quot;:[]},&quot;_animation&quot;:&quot;fadeInUp&quot;,&quot;_animation_delay&quot;:1200,&quot;_skin&quot;:&quot;post&quot;,&quot;columns&quot;:&quot;3&quot;,&quot;columns_tablet&quot;:&quot;2&quot;,&quot;columns_mobile&quot;:&quot;1&quot;,&quot;edit_handle_selector&quot;:&quot;[data-elementor-type=\\&quot;loop-item\\&quot;]&quot;,&quot;row_gap_tablet&quot;:{&quot;unit&quot;:&quot;px&quot;,&quot;size&quot;:&quot;&quot;,&quot;sizes&quot;:[]},&quot;row_gap_mobile&quot;:{&quot;unit&quot;:&quot;px&quot;,&quot;size&quot;:&quot;&quot;,&quot;sizes&quot;:[]}}\" data-widget_type=\"loop-grid.post\">\n\t\t\t\t<div class=\"elementor-widget-container\">\n\t\t\t\t\t\t\t<div class=\"elementor-loop-container elementor-grid\">\n\t\t<style id=\"loop-2313\">.elementor-2313 .elementor-element.elementor-element-7d62fad{--display:flex;--justify-content:flex-end;--gap:0.5em 0.5em;--row-gap:0.5em;--column-gap:0.5em;}.elementor-widget-image .widget-image-caption{color:var( --e-global-color-text );font-family:var( --e-global-typography-text-font-family ), Sans-serif;font-weight:var( --e-global-typography-text-font-weight );}.elementor-2313 .elementor-element.elementor-element-287fa9e img{max-width:100%;height:254px;object-fit:cover;object-position:center center;border-radius:5% 5% 5% 5%;}.elementor-widget-heading .elementor-heading-title{font-family:var( --e-global-typography-primary-font-family ), Sans-serif;font-weight:var( --e-global-typography-primary-font-weight );color:var( --e-global-color-primary );}.elementor-2313 .elementor-element.elementor-element-7c505e5{width:100%;max-width:100%;text-align:left;}.elementor-2313 .elementor-element.elementor-element-7c505e5 > .elementor-widget-container{margin:0px 0px 0px 10px;padding:0% 0% 0% 3%;}.elementor-2313 .elementor-element.elementor-element-7c505e5.elementor-element{--align-self:center;}.elementor-2313 .elementor-element.elementor-element-7c505e5 .elementor-heading-title{font-family:\"Montserrat\", Sans-serif;font-weight:400;line-height:20px;-webkit-text-stroke-width:1px;stroke-width:1px;-webkit-text-stroke-color:#00ABFF;stroke:#00ABFF;color:#00ABFF;}@media(max-width:1024px){.elementor-2313 .elementor-element.elementor-element-7c505e5 > .elementor-widget-container{padding:3% 3% 3% 3%;}.elementor-2313 .elementor-element.elementor-element-7c505e5 .elementor-heading-title{font-size:2.1vw;}}@media(max-width:767px){.elementor-2313 .elementor-element.elementor-element-287fa9e img{max-width:100%;height:187px;object-fit:fill;}.elementor-2313 .elementor-element.elementor-element-7c505e5 > .elementor-widget-container{margin:0% 0% 0% 0%;padding:3% 3% 5% 3%;}.elementor-2313 .elementor-element.elementor-element-7c505e5 .elementor-heading-title{font-size:1.4em;}}<\/style>\t\t<div data-elementor-type=\"loop-item\" data-elementor-id=\"2313\" class=\"elementor elementor-2313 e-loop-item e-loop-item-2398 post-2398 post type-post status-publish format-standard has-post-thumbnail hentry category-nos-services\" data-elementor-post-type=\"elementor_library\" data-custom-edit-handle=\"1\">\n\t\t\t<div class=\"elementor-element elementor-element-7d62fad e-con-full e-flex e-con e-child\" data-id=\"7d62fad\" data-element_type=\"container\">\n\t\t\t\t<div class=\"elementor-element elementor-element-287fa9e elementor-widget elementor-widget-image\" data-id=\"287fa9e\" data-element_type=\"widget\" data-widget_type=\"image.default\">\n\t\t\t\t<div class=\"elementor-widget-container\">\n\t\t\t\t\t\t\t\t\t\t\t\t\t\t\t\t<a href=\"https:\/\/karaclinique.com\/ar\/departement-danesthesie-reanimation\/\">\n\t\t\t\t\t\t\t<img fetchpriority=\"high\" decoding=\"async\" width=\"1024\" height=\"438\" src=\"https:\/\/karaclinique.com\/wp-content\/uploads\/2024\/06\/unnamed-5.jpg\" class=\"attachment-full size-full wp-image-5291\" alt=\"\" srcset=\"https:\/\/karaclinique.com\/wp-content\/uploads\/2024\/06\/unnamed-5.jpg 1024w, https:\/\/karaclinique.com\/wp-content\/uploads\/2024\/06\/unnamed-5-300x128.jpg 300w, https:\/\/karaclinique.com\/wp-content\/uploads\/2024\/06\/unnamed-5-768x329.jpg 768w\" sizes=\"(max-width: 1024px) 100vw, 1024px\" \/>\t\t\t\t\t\t\t\t<\/a>\n\t\t\t\t\t\t\t\t\t\t\t\t\t\t\t<\/div>\n\t\t\t\t<\/div>\n\t\t\t\t<div class=\"elementor-element elementor-element-7c505e5 elementor-widget__width-inherit elementor-widget elementor-widget-heading\" data-id=\"7c505e5\" data-element_type=\"widget\" data-widget_type=\"heading.default\">\n\t\t\t\t<div class=\"elementor-widget-container\">\n\t\t\t\t\t<h5 class=\"elementor-heading-title elementor-size-default\">\u0642\u0633\u0645 \u0627\u0644\u062a\u062e\u062f\u064a\u0631 \u0648 \u0627\u0644\u0625\u0646\u0639\u0627\u0634<\/h5>\t\t\t\t<\/div>\n\t\t\t\t<\/div>\n\t\t\t\t<\/div>\n\t\t\t\t<\/div>\n\t\t\t\t<div data-elementor-type=\"loop-item\" data-elementor-id=\"2313\" class=\"elementor elementor-2313 e-loop-item e-loop-item-5042 post-5042 post type-post status-publish format-standard has-post-thumbnail hentry category-nos-services\" data-elementor-post-type=\"elementor_library\" data-custom-edit-handle=\"1\">\n\t\t\t<div class=\"elementor-element elementor-element-7d62fad e-con-full e-flex e-con e-child\" data-id=\"7d62fad\" data-element_type=\"container\">\n\t\t\t\t<div class=\"elementor-element elementor-element-287fa9e elementor-widget elementor-widget-image\" data-id=\"287fa9e\" data-element_type=\"widget\" data-widget_type=\"image.default\">\n\t\t\t\t<div class=\"elementor-widget-container\">\n\t\t\t\t\t\t\t\t\t\t\t\t\t\t\t\t<a href=\"https:\/\/karaclinique.com\/ar\/departement-de-biologie-medicale\/\">\n\t\t\t\t\t\t\t<img decoding=\"async\" width=\"1092\" height=\"742\" src=\"https:\/\/karaclinique.com\/wp-content\/uploads\/2024\/08\/Capture-deecran-2024-08-25-aE-14.24.44.png\" class=\"attachment-full size-full wp-image-5315\" alt=\"\" srcset=\"https:\/\/karaclinique.com\/wp-content\/uploads\/2024\/08\/Capture-deecran-2024-08-25-aE-14.24.44.png 1092w, https:\/\/karaclinique.com\/wp-content\/uploads\/2024\/08\/Capture-deecran-2024-08-25-aE-14.24.44-300x204.png 300w, https:\/\/karaclinique.com\/wp-content\/uploads\/2024\/08\/Capture-deecran-2024-08-25-aE-14.24.44-1024x696.png 1024w, https:\/\/karaclinique.com\/wp-content\/uploads\/2024\/08\/Capture-deecran-2024-08-25-aE-14.24.44-768x522.png 768w\" sizes=\"(max-width: 1092px) 100vw, 1092px\" \/>\t\t\t\t\t\t\t\t<\/a>\n\t\t\t\t\t\t\t\t\t\t\t\t\t\t\t<\/div>\n\t\t\t\t<\/div>\n\t\t\t\t<div class=\"elementor-element elementor-element-7c505e5 elementor-widget__width-inherit elementor-widget elementor-widget-heading\" data-id=\"7c505e5\" data-element_type=\"widget\" data-widget_type=\"heading.default\">\n\t\t\t\t<div class=\"elementor-widget-container\">\n\t\t\t\t\t<h5 class=\"elementor-heading-title elementor-size-default\">\u0642\u0633\u0645 \u0627\u0644\u0628\u064a\u0648\u0644\u0648\u062c\u064a\u0627 \u0627\u0644\u0637\u0651\u0628\u0651\u064a\u0651\u0629<\/h5>\t\t\t\t<\/div>\n\t\t\t\t<\/div>\n\t\t\t\t<\/div>\n\t\t\t\t<\/div>\n\t\t\t\t<div data-elementor-type=\"loop-item\" data-elementor-id=\"2313\" class=\"elementor elementor-2313 e-loop-item e-loop-item-2387 post-2387 post type-post status-publish format-standard has-post-thumbnail hentry category-nos-services\" data-elementor-post-type=\"elementor_library\" data-custom-edit-handle=\"1\">\n\t\t\t<div class=\"elementor-element elementor-element-7d62fad e-con-full e-flex e-con e-child\" data-id=\"7d62fad\" data-element_type=\"container\">\n\t\t\t\t<div class=\"elementor-element elementor-element-287fa9e elementor-widget elementor-widget-image\" data-id=\"287fa9e\" data-element_type=\"widget\" data-widget_type=\"image.default\">\n\t\t\t\t<div class=\"elementor-widget-container\">\n\t\t\t\t\t\t\t\t\t\t\t\t\t\t\t\t<a href=\"https:\/\/karaclinique.com\/ar\/departement-de-cardiologie-adulte-et-enfant\/\">\n\t\t\t\t\t\t\t<img decoding=\"async\" width=\"1000\" height=\"667\" src=\"https:\/\/karaclinique.com\/wp-content\/uploads\/2024\/06\/unnamed-2.jpg\" class=\"attachment-full size-full wp-image-5347\" alt=\"\" srcset=\"https:\/\/karaclinique.com\/wp-content\/uploads\/2024\/06\/unnamed-2.jpg 1000w, https:\/\/karaclinique.com\/wp-content\/uploads\/2024\/06\/unnamed-2-300x200.jpg 300w, https:\/\/karaclinique.com\/wp-content\/uploads\/2024\/06\/unnamed-2-768x512.jpg 768w\" sizes=\"(max-width: 1000px) 100vw, 1000px\" \/>\t\t\t\t\t\t\t\t<\/a>\n\t\t\t\t\t\t\t\t\t\t\t\t\t\t\t<\/div>\n\t\t\t\t<\/div>\n\t\t\t\t<div class=\"elementor-element elementor-element-7c505e5 elementor-widget__width-inherit elementor-widget elementor-widget-heading\" data-id=\"7c505e5\" data-element_type=\"widget\" data-widget_type=\"heading.default\">\n\t\t\t\t<div class=\"elementor-widget-container\">\n\t\t\t\t\t<h5 class=\"elementor-heading-title elementor-size-default\">\u0642\u0633\u0645 \u0623\u0645\u0631\u0627\u0636 \u0627\u0644\u0642\u0644\u0628 \u0644\u0644\u0628\u0627\u0644\u063a\u064a\u0646  \u0648 \u0627\u0644\u0623\u0637\u0641\u0627\u0644<\/h5>\t\t\t\t<\/div>\n\t\t\t\t<\/div>\n\t\t\t\t<\/div>\n\t\t\t\t<\/div>\n\t\t\t\t<div data-elementor-type=\"loop-item\" data-elementor-id=\"2313\" class=\"elementor elementor-2313 e-loop-item e-loop-item-2395 post-2395 post type-post status-publish format-standard has-post-thumbnail hentry category-nos-services\" data-elementor-post-type=\"elementor_library\" data-custom-edit-handle=\"1\">\n\t\t\t<div class=\"elementor-element elementor-element-7d62fad e-con-full e-flex e-con e-child\" data-id=\"7d62fad\" data-element_type=\"container\">\n\t\t\t\t<div class=\"elementor-element elementor-element-287fa9e elementor-widget elementor-widget-image\" data-id=\"287fa9e\" data-element_type=\"widget\" data-widget_type=\"image.default\">\n\t\t\t\t<div class=\"elementor-widget-container\">\n\t\t\t\t\t\t\t\t\t\t\t\t\t\t\t\t<a href=\"https:\/\/karaclinique.com\/ar\/departement-de-chirurgie-cardio-vasculaire-et-thoracique-adulte-et-enfant\/\">\n\t\t\t\t\t\t\t<img loading=\"lazy\" decoding=\"async\" width=\"1536\" height=\"805\" src=\"https:\/\/karaclinique.com\/wp-content\/uploads\/2024\/06\/IMG_6817-e1725550299414.jpg\" class=\"attachment-full size-full wp-image-5367\" alt=\"\" srcset=\"https:\/\/karaclinique.com\/wp-content\/uploads\/2024\/06\/IMG_6817-e1725550299414.jpg 1536w, https:\/\/karaclinique.com\/wp-content\/uploads\/2024\/06\/IMG_6817-e1725550299414-300x157.jpg 300w, https:\/\/karaclinique.com\/wp-content\/uploads\/2024\/06\/IMG_6817-e1725550299414-1024x537.jpg 1024w, https:\/\/karaclinique.com\/wp-content\/uploads\/2024\/06\/IMG_6817-e1725550299414-768x403.jpg 768w\" sizes=\"(max-width: 1536px) 100vw, 1536px\" \/>\t\t\t\t\t\t\t\t<\/a>\n\t\t\t\t\t\t\t\t\t\t\t\t\t\t\t<\/div>\n\t\t\t\t<\/div>\n\t\t\t\t<div class=\"elementor-element elementor-element-7c505e5 elementor-widget__width-inherit elementor-widget elementor-widget-heading\" data-id=\"7c505e5\" data-element_type=\"widget\" data-widget_type=\"heading.default\">\n\t\t\t\t<div class=\"elementor-widget-container\">\n\t\t\t\t\t<h5 class=\"elementor-heading-title elementor-size-default\">\u0642\u0633\u0645 \u062c\u0631\u0627\u062d\u0629 \u0627\u0644\u0642\u0644\u0628 \u0648\u0627\u0644\u0623\u0648\u0639\u064a\u0629 \u0627\u0644\u062f\u0645\u0648\u064a\u0629 \u0648\u0627\u0644\u0635\u062f\u0631 \u0644\u0644\u0628\u0627\u0644\u063a\u064a\u0646 \u0648\u0627\u0644\u0623\u0637\u0641\u0627\u0644<\/h5>\t\t\t\t<\/div>\n\t\t\t\t<\/div>\n\t\t\t\t<\/div>\n\t\t\t\t<\/div>\n\t\t\t\t<div data-elementor-type=\"loop-item\" data-elementor-id=\"2313\" class=\"elementor elementor-2313 e-loop-item e-loop-item-2382 post-2382 post type-post status-publish format-standard has-post-thumbnail hentry category-nos-services\" data-elementor-post-type=\"elementor_library\" data-custom-edit-handle=\"1\">\n\t\t\t<div class=\"elementor-element elementor-element-7d62fad e-con-full e-flex e-con e-child\" data-id=\"7d62fad\" data-element_type=\"container\">\n\t\t\t\t<div class=\"elementor-element elementor-element-287fa9e elementor-widget elementor-widget-image\" data-id=\"287fa9e\" data-element_type=\"widget\" data-widget_type=\"image.default\">\n\t\t\t\t<div class=\"elementor-widget-container\">\n\t\t\t\t\t\t\t\t\t\t\t\t\t\t\t\t<a href=\"https:\/\/karaclinique.com\/ar\/departement-dimagerie-medicale\/\">\n\t\t\t\t\t\t\t<img loading=\"lazy\" decoding=\"async\" width=\"1000\" height=\"666\" src=\"https:\/\/karaclinique.com\/wp-content\/uploads\/2024\/06\/unnamed-3.jpg\" class=\"attachment-full size-full wp-image-5385\" alt=\"\" srcset=\"https:\/\/karaclinique.com\/wp-content\/uploads\/2024\/06\/unnamed-3.jpg 1000w, https:\/\/karaclinique.com\/wp-content\/uploads\/2024\/06\/unnamed-3-300x200.jpg 300w, https:\/\/karaclinique.com\/wp-content\/uploads\/2024\/06\/unnamed-3-768x511.jpg 768w\" sizes=\"(max-width: 1000px) 100vw, 1000px\" \/>\t\t\t\t\t\t\t\t<\/a>\n\t\t\t\t\t\t\t\t\t\t\t\t\t\t\t<\/div>\n\t\t\t\t<\/div>\n\t\t\t\t<div class=\"elementor-element elementor-element-7c505e5 elementor-widget__width-inherit elementor-widget elementor-widget-heading\" data-id=\"7c505e5\" data-element_type=\"widget\" data-widget_type=\"heading.default\">\n\t\t\t\t<div class=\"elementor-widget-container\">\n\t\t\t\t\t<h5 class=\"elementor-heading-title elementor-size-default\">\u0642\u0633\u0645 \u0627\u0644\u0623\u0634\u0639\u0651\u0629 \u0627\u0644\u0637\u0651\u0628\u0651\u064a\u0651\u0629<\/h5>\t\t\t\t<\/div>\n\t\t\t\t<\/div>\n\t\t\t\t<\/div>\n\t\t\t\t<\/div>\n\t\t\t\t<div data-elementor-type=\"loop-item\" data-elementor-id=\"2313\" class=\"elementor elementor-2313 e-loop-item e-loop-item-2389 post-2389 post type-post status-publish format-standard has-post-thumbnail hentry category-nos-services\" data-elementor-post-type=\"elementor_library\" data-custom-edit-handle=\"1\">\n\t\t\t<div class=\"elementor-element elementor-element-7d62fad e-con-full e-flex e-con e-child\" data-id=\"7d62fad\" data-element_type=\"container\">\n\t\t\t\t<div class=\"elementor-element elementor-element-287fa9e elementor-widget elementor-widget-image\" data-id=\"287fa9e\" data-element_type=\"widget\" data-widget_type=\"image.default\">\n\t\t\t\t<div class=\"elementor-widget-container\">\n\t\t\t\t\t\t\t\t\t\t\t\t\t\t\t\t<a href=\"https:\/\/karaclinique.com\/ar\/departement-durgence-cardio-thoracique\/\">\n\t\t\t\t\t\t\t<img loading=\"lazy\" decoding=\"async\" width=\"445\" height=\"221\" src=\"https:\/\/karaclinique.com\/wp-content\/uploads\/2024\/06\/Capture-deecran-2024-08-26-aE-13.21.14-e1725288070606.png\" class=\"attachment-full size-full wp-image-5404\" alt=\"\" srcset=\"https:\/\/karaclinique.com\/wp-content\/uploads\/2024\/06\/Capture-deecran-2024-08-26-aE-13.21.14-e1725288070606.png 445w, https:\/\/karaclinique.com\/wp-content\/uploads\/2024\/06\/Capture-deecran-2024-08-26-aE-13.21.14-e1725288070606-300x149.png 300w\" sizes=\"(max-width: 445px) 100vw, 445px\" \/>\t\t\t\t\t\t\t\t<\/a>\n\t\t\t\t\t\t\t\t\t\t\t\t\t\t\t<\/div>\n\t\t\t\t<\/div>\n\t\t\t\t<div class=\"elementor-element elementor-element-7c505e5 elementor-widget__width-inherit elementor-widget elementor-widget-heading\" data-id=\"7c505e5\" data-element_type=\"widget\" data-widget_type=\"heading.default\">\n\t\t\t\t<div class=\"elementor-widget-container\">\n\t\t\t\t\t<h5 class=\"elementor-heading-title elementor-size-default\">\u0642\u0633\u0645 \u0627\u0633\u062a\u0639\u062c\u0627\u0644\u0627\u062a \u0627\u0644\u0642\u0644\u0628 \u0648 \u0627\u0644\u0635\u0651\u062f\u0631<\/h5>\t\t\t\t<\/div>\n\t\t\t\t<\/div>\n\t\t\t\t<\/div>\n\t\t\t\t<\/div>\n\t\t\t\t<\/div>\n\t\t\n\t\t\t\t\t\t<\/div>\n\t\t\t\t<\/div>\n\t\t\t\t\t<\/div>\n\t\t\t\t<\/div>\n\t\t\t\t<\/div>","protected":false},"excerpt":{"rendered":"<p>Nos d\u00e9partements \u00c0 la clinique KARA, nous offrons une gamme compl\u00e8te de services m\u00e9dicaux pour r\u00e9pondre \u00e0 vos besoins de sant\u00e9 dans un environnement moderne et accueillant. D\u00e9couvrez nos principaux services<\/p>","protected":false},"author":1,"featured_media":0,"parent":76,"menu_order":0,"comment_status":"closed","ping_status":"closed","template":"elementor_header_footer","meta":{"_acf_changed":false,"footnotes":""},"class_list":["post-1111","page","type-page","status-publish","hentry"],"acf":[],"_links":{"self":[{"href":"https:\/\/karaclinique.com\/ar\/wp-json\/wp\/v2\/pages\/1111","targetHints":{"allow":["GET"]}}],"collection":[{"href":"https:\/\/karaclinique.com\/ar\/wp-json\/wp\/v2\/pages"}],"about":[{"href":"https:\/\/karaclinique.com\/ar\/wp-json\/wp\/v2\/types\/page"}],"author":[{"embeddable":true,"href":"https:\/\/karaclinique.com\/ar\/wp-json\/wp\/v2\/users\/1"}],"replies":[{"embeddable":true,"href":"https:\/\/karaclinique.com\/ar\/wp-json\/wp\/v2\/comments?post=1111"}],"version-history":[{"count":141,"href":"https:\/\/karaclinique.com\/ar\/wp-json\/wp\/v2\/pages\/1111\/revisions"}],"predecessor-version":[{"id":7035,"href":"https:\/\/karaclinique.com\/ar\/wp-json\/wp\/v2\/pages\/1111\/revisions\/7035"}],"up":[{"embeddable":true,"href":"https:\/\/karaclinique.com\/ar\/wp-json\/wp\/v2\/pages\/76"}],"wp:attachment":[{"href":"https:\/\/karaclinique.com\/ar\/wp-json\/wp\/v2\/media?parent=1111"}],"curies":[{"name":"wp","href":"https:\/\/api.w.org\/{rel}","templated":true}]}}