{"id":1963,"date":"2024-06-04T08:17:45","date_gmt":"2024-06-04T08:17:45","guid":{"rendered":"https:\/\/karaclinique.com\/?page_id=1963"},"modified":"2025-07-15T13:56:15","modified_gmt":"2025-07-15T13:56:15","slug":"contact","status":"publish","type":"page","link":"https:\/\/karaclinique.com\/ar\/menu\/contact\/","title":{"rendered":"\u062a\u0648\u0627\u0635\u0644 \u0645\u0639\u0646\u0627"},"content":{"rendered":"<div data-elementor-type=\"wp-page\" data-elementor-id=\"1963\" class=\"elementor elementor-1963\" data-elementor-post-type=\"page\">\n\t\t\t\t<div class=\"elementor-element elementor-element-07d0629 e-con-full e-flex e-con e-parent\" data-id=\"07d0629\" data-element_type=\"container\" data-settings=\"{&quot;background_background&quot;:&quot;classic&quot;}\">\n\t\t<div class=\"elementor-element elementor-element-64552aa animated-slow e-flex e-con-boxed elementor-invisible e-con e-child\" data-id=\"64552aa\" data-element_type=\"container\" data-settings=\"{&quot;animation&quot;:&quot;fadeIn&quot;}\">\n\t\t\t\t\t<div class=\"e-con-inner\">\n\t\t<div class=\"elementor-element elementor-element-65ad7a2 e-con-full e-flex e-con e-child\" data-id=\"65ad7a2\" data-element_type=\"container\">\n\t\t<div class=\"elementor-element elementor-element-2394ff9 e-con-full e-flex e-con e-child\" data-id=\"2394ff9\" data-element_type=\"container\">\n\t\t\t\t<div class=\"elementor-element elementor-element-455da91 elementor-widget-tablet__width-initial elementor-widget elementor-widget-google_maps\" data-id=\"455da91\" data-element_type=\"widget\" data-widget_type=\"google_maps.default\">\n\t\t\t\t<div class=\"elementor-widget-container\">\n\t\t\t\t\t\t\t<div class=\"elementor-custom-embed\">\n\t\t\t<iframe loading=\"lazy\"\n\t\t\t\t\tsrc=\"https:\/\/maps.google.com\/maps?q=116%20rue%20capitaine%20Hamri%20ORAN%20ESSEDIKIA&#038;t=m&#038;z=14&#038;output=embed&#038;iwloc=near\"\n\t\t\t\t\ttitle=\"116 rue capitaine Hamri ORAN ESSEDIKIA\"\n\t\t\t\t\taria-label=\"116 rue capitaine Hamri ORAN ESSEDIKIA\"\n\t\t\t><\/iframe>\n\t\t<\/div>\n\t\t\t\t\t\t<\/div>\n\t\t\t\t<\/div>\n\t\t\t\t<\/div>\n\t\t\t\t<\/div>\n\t\t\t\t\t<\/div>\n\t\t\t\t<\/div>\n\t\t<div class=\"elementor-element elementor-element-77f2e01 e-flex e-con-boxed e-con e-child\" data-id=\"77f2e01\" data-element_type=\"container\">\n\t\t\t\t\t<div class=\"e-con-inner\">\n\t\t<div class=\"elementor-element elementor-element-e36c790 e-flex e-con-boxed e-con e-child\" data-id=\"e36c790\" data-element_type=\"container\">\n\t\t\t\t\t<div class=\"e-con-inner\">\n\t\t<div class=\"elementor-element elementor-element-36a7d3d e-flex e-con-boxed e-con e-child\" data-id=\"36a7d3d\" data-element_type=\"container\">\n\t\t\t\t\t<div class=\"e-con-inner\">\n\t\t\t\t<div class=\"elementor-element elementor-element-ea49160 animated-slow e-transform elementor-invisible elementor-widget elementor-widget-heading\" data-id=\"ea49160\" data-element_type=\"widget\" data-settings=\"{&quot;_animation&quot;:&quot;fadeInRight&quot;,&quot;_transform_scale_effect&quot;:{&quot;unit&quot;:&quot;px&quot;,&quot;size&quot;:&quot;&quot;,&quot;sizes&quot;:[]},&quot;_transform_scale_effect_tablet&quot;:{&quot;unit&quot;:&quot;px&quot;,&quot;size&quot;:&quot;&quot;,&quot;sizes&quot;:[]},&quot;_transform_scale_effect_mobile&quot;:{&quot;unit&quot;:&quot;px&quot;,&quot;size&quot;:&quot;&quot;,&quot;sizes&quot;:[]}}\" data-widget_type=\"heading.default\">\n\t\t\t\t<div class=\"elementor-widget-container\">\n\t\t\t\t\t<h2 class=\"elementor-heading-title elementor-size-default translation-block\">\u0644\u0627 \u062a\u062a\u0631\u062f\u062f\u0648 \u0641\u064a \u0627\u0644\u062a\u0648\u0627\u0635\u0644 \u0645\u0639\u0646\u0627. <b style=\"font-weight: 700\">\u0646\u062d\u0646 \u0641\u064a \u062e\u062f\u0645\u062a\u0643\u0645 \u062f\u0627\u0626\u0645\u064b\u0627!<\/b><\/h2>\t\t\t\t<\/div>\n\t\t\t\t<\/div>\n\t\t\t\t<div class=\"elementor-element elementor-element-47a46e1 elementor-widget elementor-widget-shortcode\" data-id=\"47a46e1\" data-element_type=\"widget\" data-widget_type=\"shortcode.default\">\n\t\t\t\t<div class=\"elementor-widget-container\">\n\t\t\t\t\t\t\t<div class=\"elementor-shortcode\"><form id=\"forminator-module-6870\" class=\"forminator-custom-form forminator-custom-form-6870\" method=\"post\" data-forminator-render=\"0\" data-uid=\"6a033643511a2\" action=\"\"><div role=\"alert\" aria-live=\"polite\" class=\"forminator-response-message forminator-error\" aria-hidden=\"true\"><\/div><input type=\"hidden\" name=\"trp-form-language\" value=\"ar\"\/><\/form><\/div>\n\t\t\t\t\t\t<\/div>\n\t\t\t\t<\/div>\n\t\t\t\t\t<\/div>\n\t\t\t\t<\/div>\n\t\t<div class=\"elementor-element elementor-element-77bc145 e-flex e-con-boxed e-con e-child\" data-id=\"77bc145\" data-element_type=\"container\">\n\t\t\t\t\t<div class=\"e-con-inner\">\n\t\t<div class=\"elementor-element elementor-element-293157b e-con-full e-flex e-con e-child\" data-id=\"293157b\" data-element_type=\"container\" data-settings=\"{&quot;background_background&quot;:&quot;classic&quot;}\">\n\t\t\t\t<div class=\"elementor-element elementor-element-62d0485 elementor-widget elementor-widget-heading\" data-id=\"62d0485\" data-element_type=\"widget\" data-widget_type=\"heading.default\">\n\t\t\t\t<div class=\"elementor-widget-container\">\n\t\t\t\t\t<h5 class=\"elementor-heading-title elementor-size-default\">\u0639\u064a\u0627\u062f\u0629 \u0642\u0627\u0631\u0629<\/h5>\t\t\t\t<\/div>\n\t\t\t\t<\/div>\n\t\t\t\t<div class=\"elementor-element elementor-element-01a78c9 elementor-widget elementor-widget-text-editor\" data-id=\"01a78c9\" data-element_type=\"widget\" data-widget_type=\"text-editor.default\">\n\t\t\t\t<div class=\"elementor-widget-container\">\n\t\t\t\t\t\t\t\t\t<p><strong>\u0627\u0644\u0639\u0646\u0648\u0627\u0646:<\/strong> 116 rue capitaine Hamri ORAN SEDDIKIA<\/p>\t\t\t\t\t\t\t\t<\/div>\n\t\t\t\t<\/div>\n\t\t\t\t<div class=\"elementor-element elementor-element-ef19ed1 elementor-widget elementor-widget-text-editor\" data-id=\"ef19ed1\" data-element_type=\"widget\" data-widget_type=\"text-editor.default\">\n\t\t\t\t<div class=\"elementor-widget-container\">\n\t\t\t\t\t\t\t\t\t<p><strong>\u0627\u0644\u0646\u0642\u0644 \u0627\u0644\u0639\u0627\u0645<\/strong>\u00a0: BUS 11, B<\/p>\t\t\t\t\t\t\t\t<\/div>\n\t\t\t\t<\/div>\n\t\t\t\t<div class=\"elementor-element elementor-element-601533d elementor-widget elementor-widget-text-editor\" data-id=\"601533d\" data-element_type=\"widget\" data-widget_type=\"text-editor.default\">\n\t\t\t\t<div class=\"elementor-widget-container\">\n\t\t\t\t\t\t\t\t\t<ul><li>\u0627\u0644\u0625\u062f\u0627\u0631\u0629: <span style=\"color: #800080;\"><a style=\"color: #800080;\" href=\"tel: 0660929670\">0660929670<\/a><\/span>\/<span style=\"color: #800080;\"><a style=\"color: #800080;\" href=\"tel: 0660929607\">0660929607<\/a><\/span><\/li><li>\u0628\u0631\u064a\u062f \u0625\u0644\u0643\u062a\u0631\u0648\u0646\u064a <span style=\"text-decoration: underline;\"><span style=\"color: #800080;\"><a style=\"color: #800080; text-decoration: underline;\" href=\"mailto:clinic.chir.kara@gmail.com\">clinic.chir.kara@gmail.com<\/a><\/span><\/span>\/<span style=\"text-decoration: underline;\"><span style=\"color: #800080;\"><a style=\"color: #800080; text-decoration: underline;\" href=\"mailto:secretariat@karaclinique.com\">secretariat@karaclinique.com<\/a><\/span><\/span><\/li><\/ul>\t\t\t\t\t\t\t\t<\/div>\n\t\t\t\t<\/div>\n\t\t\t\t<div class=\"elementor-element elementor-element-607b7a7 elementor-widget elementor-widget-text-editor\" data-id=\"607b7a7\" data-element_type=\"widget\" data-widget_type=\"text-editor.default\">\n\t\t\t\t<div class=\"elementor-widget-container\">\n\t\t\t\t\t\t\t\t\t<p class=\"translation-block\">\u0645\u0643\u0627\u062a\u0628 \u0627\u0644\u0633\u0643\u0631\u062a\u0627\u0631\u064a\u0629 \u0645\u0641\u062a\u0648\u062d\u0629 \u0645\u0646 \u0627\u0644\u0633\u0627\u0639\u0629 9:00 \u0635\u0628\u0627\u062d\u064b\u0627 \u062d\u062a\u0649 16:30 \u0645\u0633\u0627\u0621\u064b.<br>\u0646\u062d\u0646 \u0645\u062a\u0627\u062d\u0648\u0646 <strong>24 \u0633\u0627\u0639\u0629\/24<\/strong>\u060c <strong>7 \u0623\u064a\u0627\u0645\/7<\/strong> \u0644\u062c\u0645\u064a\u0639 \u0627\u0644\u062d\u0627\u0644\u0627\u062a \u0627\u0644\u0637\u0627\u0631\u0626\u0629.<br>\u0644\u0627 \u062a\u062a\u0631\u062f\u062f \u0645\u0639 \u0630\u0644\u0643 \u0641\u064a \u0625\u0639\u0627\u062f\u0629 \u0627\u0644\u0627\u062a\u0635\u0627\u0644.<\/p>\t\t\t\t\t\t\t\t<\/div>\n\t\t\t\t<\/div>\n\t\t\t\t<\/div>\n\t\t<div class=\"elementor-element elementor-element-7a57630 e-con-full e-flex e-con e-child\" data-id=\"7a57630\" data-element_type=\"container\">\n\t\t\t\t<div class=\"elementor-element elementor-element-011b944 elementor-widget-tablet__width-initial elementor-widget__width-initial elementor-widget elementor-widget-image-carousel\" data-id=\"011b944\" data-element_type=\"widget\" data-settings=\"{&quot;slides_to_show&quot;:&quot;1&quot;,&quot;navigation&quot;:&quot;none&quot;,&quot;effect&quot;:&quot;fade&quot;,&quot;autoplay_speed&quot;:2000,&quot;speed&quot;:300,&quot;autoplay&quot;:&quot;yes&quot;,&quot;pause_on_hover&quot;:&quot;yes&quot;,&quot;pause_on_interaction&quot;:&quot;yes&quot;,&quot;infinite&quot;:&quot;yes&quot;}\" data-widget_type=\"image-carousel.default\">\n\t\t\t\t<div class=\"elementor-widget-container\">\n\t\t\t\t\t\t\t<div class=\"elementor-image-carousel-wrapper swiper\" role=\"region\" aria-roledescription=\"carousel\" aria-label=\"Carrousel d\u2019images\" dir=\"ltr\">\n\t\t\t<div class=\"elementor-image-carousel swiper-wrapper swiper-image-stretch\" aria-live=\"off\">\n\t\t\t\t\t\t\t\t<div class=\"swiper-slide\" role=\"group\" aria-roledescription=\"slide\" aria-label=\"1 of 4\"><figure class=\"swiper-slide-inner\"><img decoding=\"async\" class=\"swiper-slide-image\" src=\"https:\/\/karaclinique.com\/wp-content\/uploads\/2024\/08\/kara21-e1725800816307.jpg\" alt=\"kara21\" \/><\/figure><\/div><div class=\"swiper-slide\" role=\"group\" aria-roledescription=\"slide\" aria-label=\"2 of 4\"><figure class=\"swiper-slide-inner\"><img decoding=\"async\" class=\"swiper-slide-image\" src=\"https:\/\/karaclinique.com\/wp-content\/uploads\/2024\/06\/kara.jpg\" alt=\"kara\" \/><\/figure><\/div><div class=\"swiper-slide\" role=\"group\" aria-roledescription=\"slide\" aria-label=\"3 of 4\"><figure class=\"swiper-slide-inner\"><img decoding=\"async\" class=\"swiper-slide-image\" src=\"https:\/\/karaclinique.com\/wp-content\/uploads\/2024\/08\/kara222.png\" alt=\"kara222\" \/><\/figure><\/div><div class=\"swiper-slide\" role=\"group\" aria-roledescription=\"slide\" aria-label=\"4 of 4\"><figure class=\"swiper-slide-inner\"><img decoding=\"async\" class=\"swiper-slide-image\" src=\"https:\/\/karaclinique.com\/wp-content\/uploads\/2024\/09\/cheikh-e1725802119100.png\" alt=\"cheikh\" \/><\/figure><\/div>\t\t\t<\/div>\n\t\t\t\t\t\t\t\n\t\t\t\t\t\t\t\t\t<\/div>\n\t\t\t\t\t\t<\/div>\n\t\t\t\t<\/div>\n\t\t\t\t<\/div>\n\t\t\t\t\t<\/div>\n\t\t\t\t<\/div>\n\t\t\t\t\t<\/div>\n\t\t\t\t<\/div>\n\t\t\t\t\t<\/div>\n\t\t\t\t<\/div>\n\t\t\t\t<\/div>\n\t\t<div class=\"elementor-element elementor-element-0750f1e e-flex e-con-boxed e-con e-parent\" data-id=\"0750f1e\" data-element_type=\"container\">\n\t\t\t\t\t<div class=\"e-con-inner\">\n\t\t\t\t\t<\/div>\n\t\t\t\t<\/div>\n\t\t\t\t<\/div>","protected":false},"excerpt":{"rendered":"<p>N\u2019h\u00e9sitez pas \u00e0 nous contacter. Nous sommes \u00e0 votre \u00e9coute !<br \/>\nLes secr\u00e9tariats sont ouverts de 9h \u00e0 16h30.<br \/>\nNous restons disponibles 24h\/24, 7j\/7 pour toutes urgences.<br \/>\nN\u2019h\u00e9sitez cependant pas \u00e0 rappeler<\/p>","protected":false},"author":1,"featured_media":0,"parent":76,"menu_order":0,"comment_status":"closed","ping_status":"closed","template":"","meta":{"_acf_changed":false,"footnotes":""},"class_list":["post-1963","page","type-page","status-publish","hentry"],"acf":[],"_links":{"self":[{"href":"https:\/\/karaclinique.com\/ar\/wp-json\/wp\/v2\/pages\/1963","targetHints":{"allow":["GET"]}}],"collection":[{"href":"https:\/\/karaclinique.com\/ar\/wp-json\/wp\/v2\/pages"}],"about":[{"href":"https:\/\/karaclinique.com\/ar\/wp-json\/wp\/v2\/types\/page"}],"author":[{"embeddable":true,"href":"https:\/\/karaclinique.com\/ar\/wp-json\/wp\/v2\/users\/1"}],"replies":[{"embeddable":true,"href":"https:\/\/karaclinique.com\/ar\/wp-json\/wp\/v2\/comments?post=1963"}],"version-history":[{"count":497,"href":"https:\/\/karaclinique.com\/ar\/wp-json\/wp\/v2\/pages\/1963\/revisions"}],"predecessor-version":[{"id":7123,"href":"https:\/\/karaclinique.com\/ar\/wp-json\/wp\/v2\/pages\/1963\/revisions\/7123"}],"up":[{"embeddable":true,"href":"https:\/\/karaclinique.com\/ar\/wp-json\/wp\/v2\/pages\/76"}],"wp:attachment":[{"href":"https:\/\/karaclinique.com\/ar\/wp-json\/wp\/v2\/media?parent=1963"}],"curies":[{"name":"wp","href":"https:\/\/api.w.org\/{rel}","templated":true}]}}