{"id":6060,"date":"2024-09-02T15:16:37","date_gmt":"2024-09-02T15:16:37","guid":{"rendered":"https:\/\/karaclinique.com\/?page_id=6060"},"modified":"2024-12-15T09:10:54","modified_gmt":"2024-12-15T09:10:54","slug":"conditions-generales-dutilisations","status":"publish","type":"page","link":"https:\/\/karaclinique.com\/ar\/conditions-generales-dutilisations\/","title":{"rendered":"\u0627\u0644\u0634\u0631\u0648\u0637 \u0648\u0627\u0644\u0623\u062d\u0643\u0627\u0645 \u0627\u0644\u0639\u0627\u0645\u0629"},"content":{"rendered":"<div data-elementor-type=\"wp-page\" data-elementor-id=\"6060\" class=\"elementor elementor-6060\" data-elementor-post-type=\"page\">\n\t\t\t\t<div class=\"elementor-element elementor-element-ce05dde e-flex e-con-boxed e-con e-parent\" data-id=\"ce05dde\" data-element_type=\"container\">\n\t\t\t\t\t<div class=\"e-con-inner\">\n\t\t\t\t<div class=\"elementor-element elementor-element-1ab99a6 elementor-widget elementor-widget-text-editor\" data-id=\"1ab99a6\" data-element_type=\"widget\" data-widget_type=\"text-editor.default\">\n\t\t\t\t<div class=\"elementor-widget-container\">\n\t\t\t\t\t\t\t\t\t<h2 style=\"text-align: center;\"><strong>Conditions d&rsquo;Utilisation<\/strong><\/h2><p><strong>Derni\u00e8re mise \u00e0 jour : [26\/11\/2024]<\/strong><\/p><p>En utilisant ce site, vous acceptez les pr\u00e9sentes Conditions d\u2019Utilisation. Si vous \u00eates en d\u00e9saccord avec ces termes, veuillez cesser d\u2019utiliser notre site.<\/p><h4><strong>1. Objet du site<\/strong><\/h4><p>La clinique Kara Seddekia est le premier centre conventionn\u00e9 en Alg\u00e9rie pour la chirurgie cardiaque. Pionni\u00e8re dans son domaine, la clinique a soign\u00e9 plus de 8000 patients, leur \u00e9vitant ainsi de se d\u00e9placer \u00e0 l\u2019\u00e9tranger. En plus de la chirurgie cardiaque, nous avons d\u00e9velopp\u00e9 une expertise en chirurgie thoracique, notamment dans le traitement du cancer du poumon, une maladie qui touche de nombreuses familles alg\u00e9riennes. Son utilisation est gratuite, sous r\u00e9serve du respect des pr\u00e9sentes conditions.<\/p><h4><strong>2. Propri\u00e9t\u00e9 intellectuelle<\/strong><\/h4><p>Tous les contenus pr\u00e9sents sur ce site (textes, images, logos, vid\u00e9os) sont prot\u00e9g\u00e9s par les lois relatives \u00e0 la propri\u00e9t\u00e9 intellectuelle en Alg\u00e9rie. Toute reproduction ou utilisation non autoris\u00e9e est interdite.<\/p><h4><strong>3. Utilisation autoris\u00e9e<\/strong><\/h4><p>Vous vous engagez \u00e0 :<\/p><ul><li>Utiliser le site conform\u00e9ment aux lois et r\u00e8glements en vigueur.<\/li><li>Ne pas porter atteinte \u00e0 la s\u00e9curit\u00e9 ou au fonctionnement du site.<\/li><\/ul><h4><strong>4. Limitation de responsabilit\u00e9<\/strong><\/h4><p>Nous nous effor\u00e7ons de fournir des informations exactes et \u00e0 jour, mais nous ne garantissons pas que le site soit exempt d\u2019erreurs ou accessible en permanence. Nous d\u00e9clinons toute responsabilit\u00e9 en cas de :<\/p><ul><li>Mauvaise utilisation du site.<\/li><li>Dommages directs ou indirects li\u00e9s \u00e0 l\u2019utilisation du site.<\/li><\/ul><h4><strong>5. Liens externes<\/strong><\/h4><p>Notre site peut contenir des liens vers d&rsquo;autres sites. Nous ne sommes pas responsables du contenu ou des pratiques de ces sites tiers.<\/p><h4><strong>6. Modifications<\/strong><\/h4><p>Nous nous r\u00e9servons le droit de modifier les pr\u00e9sentes conditions \u00e0 tout moment. Toute modification sera publi\u00e9e sur cette page.<\/p><h4><strong>7. Droit applicable<\/strong><\/h4><p>Les pr\u00e9sentes conditions sont r\u00e9gies par les lois alg\u00e9riennes. En cas de litige, seuls les tribunaux alg\u00e9riens seront comp\u00e9tents.<\/p>\t\t\t\t\t\t\t\t<\/div>\n\t\t\t\t<\/div>\n\t\t\t\t\t<\/div>\n\t\t\t\t<\/div>\n\t\t\t\t<\/div>","protected":false},"excerpt":{"rendered":"<p>Conditions d&rsquo;Utilisation Derni\u00e8re mise \u00e0 jour : [26\/11\/2024] En utilisant ce site, vous acceptez les pr\u00e9sentes Conditions d\u2019Utilisation. Si vous \u00eates en d\u00e9saccord avec ces termes, veuillez cesser d\u2019utiliser notre site. 1. Objet du site La clinique Kara Seddekia est le premier centre conventionn\u00e9 en Alg\u00e9rie pour la chirurgie cardiaque. Pionni\u00e8re dans son domaine, la [&hellip;]<\/p>","protected":false},"author":1,"featured_media":0,"parent":0,"menu_order":0,"comment_status":"closed","ping_status":"closed","template":"elementor_header_footer","meta":{"_acf_changed":false,"footnotes":""},"class_list":["post-6060","page","type-page","status-publish","hentry"],"acf":[],"_links":{"self":[{"href":"https:\/\/karaclinique.com\/ar\/wp-json\/wp\/v2\/pages\/6060","targetHints":{"allow":["GET"]}}],"collection":[{"href":"https:\/\/karaclinique.com\/ar\/wp-json\/wp\/v2\/pages"}],"about":[{"href":"https:\/\/karaclinique.com\/ar\/wp-json\/wp\/v2\/types\/page"}],"author":[{"embeddable":true,"href":"https:\/\/karaclinique.com\/ar\/wp-json\/wp\/v2\/users\/1"}],"replies":[{"embeddable":true,"href":"https:\/\/karaclinique.com\/ar\/wp-json\/wp\/v2\/comments?post=6060"}],"version-history":[{"count":10,"href":"https:\/\/karaclinique.com\/ar\/wp-json\/wp\/v2\/pages\/6060\/revisions"}],"predecessor-version":[{"id":6772,"href":"https:\/\/karaclinique.com\/ar\/wp-json\/wp\/v2\/pages\/6060\/revisions\/6772"}],"wp:attachment":[{"href":"https:\/\/karaclinique.com\/ar\/wp-json\/wp\/v2\/media?parent=6060"}],"curies":[{"name":"wp","href":"https:\/\/api.w.org\/{rel}","templated":true}]}}