{"id":6062,"date":"2024-09-02T15:17:12","date_gmt":"2024-09-02T15:17:12","guid":{"rendered":"https:\/\/karaclinique.com\/?page_id=6062"},"modified":"2024-12-15T09:10:57","modified_gmt":"2024-12-15T09:10:57","slug":"politique-de-confidentialite","status":"publish","type":"page","link":"https:\/\/karaclinique.com\/ar\/politique-de-confidentialite\/","title":{"rendered":"Politique de Confidentialit\u00e9"},"content":{"rendered":"<div data-elementor-type=\"wp-page\" data-elementor-id=\"6062\" class=\"elementor elementor-6062\" data-elementor-post-type=\"page\">\n\t\t\t\t<div class=\"elementor-element elementor-element-18699c4 e-flex e-con-boxed e-con e-parent\" data-id=\"18699c4\" data-element_type=\"container\">\n\t\t\t\t\t<div class=\"e-con-inner\">\n\t\t\t\t<div class=\"elementor-element elementor-element-e72eb15 elementor-widget elementor-widget-text-editor\" data-id=\"e72eb15\" data-element_type=\"widget\" data-widget_type=\"text-editor.default\">\n\t\t\t\t<div class=\"elementor-widget-container\">\n\t\t\t\t\t\t\t\t\t<h2 style=\"text-align: center;\"><strong>Politique de Confidentialit\u00e9<\/strong><\/h2><p><span style=\"color: #07094a;\"><strong><u>Introduction<\/u><\/strong><\/span><\/p><p><span style=\"color: #07094a;\">Bienvenue dans la politique de confidentialit\u00e9 de \u00ab\u00a0clinique KARA\u00a0 \u00bb (Ci-apr\u00e8s d\u00e9sign\u00e9 \u00ab\u00a0nous\u00a0\u00bb, \u00ab\u00a0notre\u00a0\u00bb ou \u00ab\u00a0nos\u00a0\u00bb). Chez \u00ab\u00a0Clinique KARA \u00bb, nous nous engageons \u00e0 prot\u00e9ger votre vie priv\u00e9e et \u00e0 assurer la s\u00e9curit\u00e9 de vos informations personnelles. Cette politique de confidentialit\u00e9 d\u00e9crit comment nous collectons, utilisons, divulguons et prot\u00e9geons les informations que nous recueillons aupr\u00e8s de nos Utilisateurs. Cette politique peut modifier ou compl\u00e9ter conform\u00e9ment aux r\u00e8gles applicables en la mati\u00e8re.<\/span><\/p><p><span style=\"color: #07094a;\">Nous nous conformons, dans la collecte et la gestion de vos donn\u00e9es \u00e0 caract\u00e8re personnel, \u00e0 la loi n\u00b018-07 du 10 juin 2018 relative \u00e0 la protection des personnes physiques dans le traitement des donn\u00e9es \u00e0 caract\u00e8re personnel.<\/span><\/p><ol><li><span style=\"color: #07094a;\"><strong><u>Consentement<br \/><\/u><\/strong><\/span><span style=\"color: #07094a;\"><span style=\"color: #07094a;\">En utilisant notre Site\u00a0web : \u00ab\u00a0www.karaclinique.com \u00bb, vous consentez \u00e0 la collecte et \u00e0 l\u2019utilisation de vos donn\u00e9es \u00e0 caract\u00e8re personnel conform\u00e9ment \u00e0 la pr\u00e9sente politique de confidentialit\u00e9. Veuillez prendre le temps de lire attentivement les informations suivantes pour comprendre nos pratiques en mati\u00e8re de confidentialit\u00e9.<\/span><\/span><\/li><li><span style=\"color: #07094a;\"><strong><u>Identit\u00e9 du responsable de la collecte de vos donn\u00e9es<br \/><\/u><\/strong><\/span><span style=\"color: #07094a;\">Le responsable de la collecte de vos donn\u00e9es \u00e0 caract\u00e8re personnel est la soci\u00e9t\u00e9 \u00ab\u00a0clinique kara\u00a0\u00bb (ci-apr\u00e8s d\u00e9sign\u00e9e la \u00ab Soci\u00e9t\u00e9 \u00bb) immatricul\u00e9e au registre du commerce d\u2019Alger sous NIF 151130102626149 Siege est \u00e0 ORAN\u00a0<br \/><\/span><\/li><li><span style=\"color: #07094a;\"><strong><u>Informations que Nous Collectons<br \/><\/u><\/strong><\/span><span style=\"color: #07094a;\"><span style=\"color: #07094a;\">Nous pouvons collecter diff\u00e9rents types d\u2019informations, notamment, mais sans s\u2019y limiter :<\/span><\/span><p><span style=\"color: #07094a;\"><span style=\"color: #07094a;\">Informations Personnelles : Cela peut inclure votre nom, adresse e-mail, adresse postale, num\u00e9ro de t\u00e9l\u00e9phone et d\u2019autres informations personnelles que vous nous fournissez.<\/span><\/span><\/p><p><span style=\"color: #07094a;\"><span style=\"color: #07094a;\">Donn\u00e9es de Connexion : Comme de nombreux sites web, nous recueillons des donn\u00e9es sur votre visite, telles que votre adresse IP, le type de navigateur, les pages que vous consultez et l\u2019heure et la date de votre visite. Ces informations nous aident \u00e0 am\u00e9liorer notre Site web et l\u2019exp\u00e9rience Utilisateur.<\/span><\/span><\/p><p><span style=\"color: #07094a;\"><span style=\"color: #07094a;\">Donn\u00e9es d\u2019Interaction : Nous recueillons \u00e9galement des donn\u00e9es li\u00e9es \u00e0 vos interactions avec notre plateforme, des informations sur l\u2019appareil et des donn\u00e9es de localisation (lorsqu\u2019explicitement autoris\u00e9 par l\u2019Utilisateur). Ces informations nous permettent de fournir des services bas\u00e9s sur la localisation et d\u2019am\u00e9liorer votre exp\u00e9rience Utilisateur globale.<\/span><\/span><\/p><\/li><li><span style=\"color: #07094a;\"><strong><u>Finalit\u00e9s du traitement<br \/><\/u><\/strong><\/span><span style=\"color: #07094a;\"><span style=\"color: #07094a;\">Nous utilisons les informations que nous collectons \u00e0 des fins diverses, notamment :<\/span><\/span><p><span style=\"color: #07094a;\">*Fournir des produits et services.<br \/><\/span><span style=\"color: #07094a;\">*Am\u00e9liorer notre Site web, nos produits et services.<br \/><\/span><span style=\"color: #07094a;\">*Personnaliser votre exp\u00e9rience : Cela inclut la fourniture de contenus, de recommandations et de services adapt\u00e9s au comportement et aux pr\u00e9f\u00e9rences de l\u2019Utilisateur.<br \/><\/span><span style=\"color: #07094a;\">*Renforcer la s\u00e9curit\u00e9 de l\u2019Utilisateur : Nous utilisons les donn\u00e9es pour renforcer les fonctionnalit\u00e9s de s\u00e9curit\u00e9 du compte.<br \/><\/span><span style=\"color: #07094a;\"><span style=\"color: #07094a;\">*Comprendre les habitudes d\u2019utilisation : Les donn\u00e9es sont cruciales pour identifier les probl\u00e8mes, d\u00e9velopper de nouvelles fonctionnalit\u00e9s et rendre nos offres plus pertinentes et conviviales.<\/span><\/span><\/p><\/li><li><span style=\"color: #07094a;\"><strong><u>Divulgation \u00e0 des Tiers<br \/><\/u><\/strong><\/span><span style=\"color: #07094a;\"><span style=\"color: #07094a;\">Nous pouvons partager vos informations avec des tiers, tels que des fournisseurs d\u2019analyses pour comprendre le comportement des Utilisateurs, des annonceurs pour la publicit\u00e9 cibl\u00e9e, et des prestataires de services pour des fonctions essentielles telles que le traitement des paiements. Soyez assur\u00e9 que ces tiers adh\u00e8rent \u00e0 des normes strictes de protection des donn\u00e9es et de confidentialit\u00e9.<\/span><\/span><\/li><li><span style=\"color: #07094a;\"><strong><u>S\u00e9curit\u00e9 des Donn\u00e9es<br \/><\/u><\/strong><\/span><span style=\"color: #07094a;\"><span style=\"color: #07094a;\">Nous prenons la s\u00e9curit\u00e9 des donn\u00e9es au s\u00e9rieux et avons mis en place des mesures rigoureuses pour prot\u00e9ger vos informations personnelles. Vos donn\u00e9es sont crypt\u00e9es et soumises \u00e0 des contr\u00f4les d\u2019acc\u00e8s. Nos protocoles de s\u00e9curit\u00e9 sont r\u00e9guli\u00e8rement examin\u00e9s et mis \u00e0 jour pour faire face aux menaces \u00e9mergentes.<\/span><\/span><\/li><li><span style=\"color: #07094a;\"><strong><u>Mesures de s\u00e9curit\u00e9<br \/><\/u><\/strong><\/span><span style=\"color: #07094a;\"><span style=\"color: #07094a;\">Cryptage des Donn\u00e9es : Toutes les donn\u00e9es personnelles que vous nous fournissez sont crypt\u00e9es afin de garantir leur confidentialit\u00e9 lors de leur transmission sur internet. Nous utilisons des protocoles de cryptage de pointe pour s\u00e9curiser vos informations sensibles.<\/span><\/span><p><span style=\"color: #07094a;\"><span style=\"color: #07094a;\">Contr\u00f4les d\u2019Acc\u00e8s : L\u2019acc\u00e8s \u00e0 vos donn\u00e9es est strictement contr\u00f4l\u00e9 et limit\u00e9 aux personnes autoris\u00e9es qui ont besoin d\u2019y acc\u00e9der pour effectuer leurs fonctions sp\u00e9cifiques. Nous utilisons des m\u00e9thodes d\u2019authentification et de contr\u00f4le d\u2019acc\u00e8s pour garantir que seules les personnes autoris\u00e9es peuvent acc\u00e9der \u00e0 vos informations.<\/span><\/span><\/p><\/li><li><span style=\"color: #07094a;\"><strong><u>Surveillance et mises \u00e0 jour<br \/><\/u><\/strong><\/span><span style=\"color: #07094a;\"><span style=\"color: #07094a;\">Examens R\u00e9guliers : Nos protocoles de s\u00e9curit\u00e9 font l\u2019objet d\u2019examens r\u00e9guliers par notre \u00e9quipe d\u00e9di\u00e9e \u00e0 la s\u00e9curit\u00e9 des donn\u00e9es. Nous effectuons des \u00e9valuations p\u00e9riodiques des risques et des vuln\u00e9rabilit\u00e9s pour identifier et att\u00e9nuer les \u00e9ventuelles menaces \u00e0 la s\u00e9curit\u00e9 de vos donn\u00e9es.<\/span><\/span><p><span style=\"color: #07094a;\"><span style=\"color: #07094a;\">Mises \u00e0 jour continues : Nous nous engageons \u00e0 maintenir nos protocoles de s\u00e9curit\u00e9 \u00e0 jour pour faire face aux menaces \u00e9mergentes et aux \u00e9volutions technologiques. Nous surveillons de pr\u00e8s les tendances en mati\u00e8re de s\u00e9curit\u00e9 informatique et adaptons nos mesures de s\u00e9curit\u00e9 en cons\u00e9quence pour garantir la protection de vos donn\u00e9es.<\/span><\/span><\/p><p><span style=\"color: #07094a;\"><span style=\"color: #07094a;\">En adoptant ces mesures de s\u00e9curit\u00e9 proactives et en continuant \u00e0 \u00e9valuer et \u00e0 am\u00e9liorer notre posture de s\u00e9curit\u00e9, nous nous effor\u00e7ons de garantir la confidentialit\u00e9 et l\u2019int\u00e9grit\u00e9 de vos donn\u00e9es personnelles.<\/span><\/span><\/p><\/li><li><span style=\"color: #07094a;\"><strong><u>Modifications \u00e0 notre Politique de Confidentialit\u00e9<br \/><\/u><\/strong><\/span><span style=\"color: #07094a;\"><span style=\"color: #07094a;\">Nous pouvons mettre \u00e0 jour notre politique de confidentialit\u00e9 pour refl\u00e9ter les changements dans nos pratiques en mati\u00e8re de donn\u00e9es ou les exigences l\u00e9gales. Lorsque nous apportons des modifications significatives, nous vous en informerons via notre Site web et, si vous avez fourni votre adresse e-mail, nous vous informerons \u00e9galement par e-mail. Nous vous encourageons \u00e0 revoir p\u00e9riodiquement notre politique de confidentialit\u00e9 pour rester inform\u00e9 de la mani\u00e8re dont vos donn\u00e9es sont trait\u00e9es.<\/span><\/span><\/li><li><span style=\"color: #07094a;\"><strong><u>Contactez-Nous<br \/><\/u><\/strong><\/span><span style=\"color: #07094a;\"><span style=\"color: #07094a;\">Si vous avez des questions ou des pr\u00e9occupations concernant notre politique de confidentialit\u00e9 ou vos donn\u00e9es personnelles, veuillez nous contacter \u00e0 l\u2019adresse suivante :<\/span><\/span><p><span style=\"color: #07094a;\"><span style=\"color: #07094a;\">Coordonn\u00e9es \u00ab\u00a0Clinique KARA \u00bb\u00a0 Adresse : 116 RUE\u00a0 CAPITAINE HAMRI \u2013 Oran \u2013 ALGERIE<\/span><\/span><\/p><p><span style=\"color: #07094a;\"><span style=\"color: #07094a;\">T\u00e9l : +213 (0) 41826043 \u00a0\/ +213 (0) 41826042 \u00a0Email : contact clinic.chir.kara@gmail.com_<\/span><\/span><\/p><p><span style=\"color: #07094a;\"><span style=\"color: #07094a;\">Service Consommateur +213 (0) 41826043 \/ +213 (0) 41826042 Email : contact clinic.chir.kara@gmail.com_<\/span><\/span><\/p><p><span style=\"color: #07094a;\"><span style=\"color: #07094a;\">Il est rappel\u00e9 que toute personne peut pour des motifs l\u00e9gitimes, s\u2019opposer au traitement des donn\u00e9es la concernant.<\/span><\/span><\/p><\/li><li><span style=\"color: #07094a;\"><span style=\"color: #07094a;\"><strong><u>Acc\u00e8s, correction et suppression des donn\u00e9es Utilisateur<\/u><\/strong><\/span><\/span><p><span style=\"color: #07094a;\"><span style=\"color: #07094a;\">Nous avons mis en place une proc\u00e9dure transparente permettant aux Utilisateurs de demander l\u2019acc\u00e8s, la correction ou la suppression de leurs donn\u00e9es personnelles. Vous pouvez faire de telles demandes via les param\u00e8tres de votre compte ou en contactant notre \u00e9quipe d\u00e9di\u00e9e \u00e0 la protection des donn\u00e9es. Nous r\u00e9pondons promptement et nous satisfaisons \u00e0 ces demandes conform\u00e9ment aux r\u00e9glementations applicables.<\/span><\/span><\/p><\/li><li><span style=\"color: #07094a;\"><span style=\"color: #07094a;\"><strong><u>Informations suppl\u00e9mentaires sur les pratiques de confidentialit\u00e9<\/u><\/strong><\/span><\/span><p><span style=\"color: #07094a;\"><span style=\"color: #07094a;\">Notre organisation est d\u00e9di\u00e9e au maintien des normes les plus \u00e9lev\u00e9es en mati\u00e8re de confidentialit\u00e9 des donn\u00e9es. Nous effectuons r\u00e9guli\u00e8rement des \u00e9valuations de l\u2019impact sur la vie priv\u00e9e, formons nos employ\u00e9s sur la protection des donn\u00e9es et r\u00e9alisons des audits continus pour garantir que la manipulation des donn\u00e9es est conforme \u00e0 notre politique de confidentialit\u00e9. Nous nous engageons \u00e0 la transparence, et toute mise \u00e0 jour ou modification de nos pratiques en mati\u00e8re de donn\u00e9es est communiqu\u00e9e aux Utilisateurs promptement.<\/span><\/span><\/p><\/li><li><span style=\"color: #07094a;\"><span style=\"color: #07094a;\"><strong><u>Informations relatives aux cookies<\/u><\/strong><\/span><\/span><p><span style=\"color: #07094a;\"><span style=\"color: #07094a;\">Les cookies sont de petits fichiers textes, souvent crypt\u00e9s, stock\u00e9s dans votre navigateur. Ils sont cr\u00e9\u00e9s lorsque le navigateur d\u2019un Utilisateur charge un site internet donn\u00e9 : le Site web envoie des informations au navigateur, qui cr\u00e9\u00e9 alors un fichier texte. \u00c0 chaque retour sur le m\u00eame Site web, le navigateur r\u00e9cup\u00e8re ce fichier et l\u2019envoie au serveur du site web.<\/span><\/span><\/p><p><span style=\"color: #07094a;\"><span style=\"color: #07094a;\">Trois types de cookies peuvent \u00eatre distingu\u00e9s, chacun ayant des finalit\u00e9s diff\u00e9rentes :<\/span><\/span><\/p><p><span style=\"color: #07094a;\"><span style=\"color: #07094a;\">*Les cookies techniques sont utilis\u00e9s tout au long de votre navigation pour la faciliter et ex\u00e9cuter certaines fonctions. Par exemple, un cookie technique peut m\u00e9moriser les r\u00e9ponses renseign\u00e9es dans un formulaire ou les pr\u00e9f\u00e9rences de l\u2019Utilisateur concernant la langue ou la pr\u00e9sentation d\u2019un site internet, lorsque de telles options sont disponibles.<\/span><\/span><\/p><p><span style=\"color: #07094a;\"><span style=\"color: #07094a;\">*Les cookies des r\u00e9seaux sociaux peuvent \u00eatre cr\u00e9\u00e9s par les plateformes sociales pour permettre aux concepteurs de sites internet de partager le contenu de leur site sur lesdites plateformes. Ces cookies peuvent \u00eatre utilis\u00e9s par les plateformes sociales pour tracer la navigation des internautes sur le site internet concern\u00e9, qu\u2019ils utilisent ou non ces cookies.<\/span><\/span><\/p><p><span style=\"color: #07094a;\"><span style=\"color: #07094a;\">*Les cookies publicitaires peuvent \u00eatre cr\u00e9\u00e9s non seulement par le Site web visit\u00e9 par l\u2019utilisateur, mais aussi par d\u2019autres sites internet diffusant des publicit\u00e9s, annonces, widgets ou autres \u00e9l\u00e9ments sur la page affich\u00e9e. Ils peuvent \u00eatre utilis\u00e9s pour effectuer de la publicit\u00e9 cibl\u00e9e, bas\u00e9e sur la navigation de l\u2019Utilisateur.<\/span><\/span><\/p><p><span style=\"color: #07094a;\"><span style=\"color: #07094a;\">La Soci\u00e9t\u00e9 utilise des cookies et d\u2019autres technologies d\u2019identification sur son Site web, e-mails et annonces en ligne aux fins d\u00e9crites dans la pr\u00e9sente Politique de Confidentialit\u00e9.<\/span><\/span><\/p><p><span style=\"color: #07094a;\"><span style=\"color: #07094a;\">La Soci\u00e9t\u00e9 peut \u00e9galement autoriser des soci\u00e9t\u00e9s tierces \u00e0 fournir des services de mesure et d\u2019analyse d\u2019audience pour son compte, \u00e0 diffuser des annonces en son nom sur Internet et \u00e0 effectuer le suivi et des comptes rendus des performances de ces annonces. Ces soci\u00e9t\u00e9s peuvent utiliser des cookies, des balises Web, des kits de d\u00e9veloppement logiciel et d\u2019autres technologies pour identifier les appareils utilis\u00e9s par les visiteurs pour acc\u00e9der \u00e0 son Site Web, ainsi qu\u2019\u00e0 d\u2019autres sites et services en ligne.<\/span><\/span><\/p><p><span style=\"color: #07094a;\">En utilisant nos services, vous consentez aux termes \u00e9nonc\u00e9s dans cette politique de confidentialit\u00e9. Nous respectons votre vie priv\u00e9e et sommes d\u00e9termin\u00e9s \u00e0 assurer la s\u00e9curit\u00e9 et la manipulation responsable de vos donn\u00e9es personnelles.<\/span><\/p><\/li><\/ol>\t\t\t\t\t\t\t\t<\/div>\n\t\t\t\t<\/div>\n\t\t\t\t\t<\/div>\n\t\t\t\t<\/div>\n\t\t\t\t<\/div>","protected":false},"excerpt":{"rendered":"<p>Politique de Confidentialit\u00e9 Introduction Bienvenue dans la politique de confidentialit\u00e9 de \u00ab\u00a0clinique KARA\u00a0 \u00bb (Ci-apr\u00e8s d\u00e9sign\u00e9 \u00ab\u00a0nous\u00a0\u00bb, \u00ab\u00a0notre\u00a0\u00bb ou \u00ab\u00a0nos\u00a0\u00bb). Chez \u00ab\u00a0Clinique KARA \u00bb, nous nous engageons \u00e0 prot\u00e9ger votre vie priv\u00e9e et \u00e0 assurer la s\u00e9curit\u00e9 de vos informations personnelles. Cette politique de confidentialit\u00e9 d\u00e9crit comment nous collectons, utilisons, divulguons et prot\u00e9geons les informations [&hellip;]<\/p>","protected":false},"author":1,"featured_media":0,"parent":0,"menu_order":0,"comment_status":"closed","ping_status":"closed","template":"elementor_header_footer","meta":{"_acf_changed":false,"footnotes":""},"class_list":["post-6062","page","type-page","status-publish","hentry"],"acf":[],"_links":{"self":[{"href":"https:\/\/karaclinique.com\/ar\/wp-json\/wp\/v2\/pages\/6062","targetHints":{"allow":["GET"]}}],"collection":[{"href":"https:\/\/karaclinique.com\/ar\/wp-json\/wp\/v2\/pages"}],"about":[{"href":"https:\/\/karaclinique.com\/ar\/wp-json\/wp\/v2\/types\/page"}],"author":[{"embeddable":true,"href":"https:\/\/karaclinique.com\/ar\/wp-json\/wp\/v2\/users\/1"}],"replies":[{"embeddable":true,"href":"https:\/\/karaclinique.com\/ar\/wp-json\/wp\/v2\/comments?post=6062"}],"version-history":[{"count":36,"href":"https:\/\/karaclinique.com\/ar\/wp-json\/wp\/v2\/pages\/6062\/revisions"}],"predecessor-version":[{"id":6775,"href":"https:\/\/karaclinique.com\/ar\/wp-json\/wp\/v2\/pages\/6062\/revisions\/6775"}],"wp:attachment":[{"href":"https:\/\/karaclinique.com\/ar\/wp-json\/wp\/v2\/media?parent=6062"}],"curies":[{"name":"wp","href":"https:\/\/api.w.org\/{rel}","templated":true}]}}